{"id":744,"date":"2019-10-03T15:15:05","date_gmt":"2019-10-03T15:15:05","guid":{"rendered":"https:\/\/lxfoot.pt\/semelles-interieures\/"},"modified":"2020-01-23T17:09:54","modified_gmt":"2020-01-23T17:09:54","slug":"semelles-personnalisees","status":"publish","type":"page","link":"https:\/\/lxfoot.pt\/fr\/semelles-personnalisees\/","title":{"rendered":"semelles personnalis\u00e9es"},"content":{"rendered":"\n<div id=\"x-content-band-1\" class=\"x-content-band vc man\" style=\"background-color: transparent; padding-top: 0px; padding-bottom: 0px;\">\n<div  class=\"x-column vc whole\" style=\"\" ><div class=\"wpb_revslider_element wpb_content_element\">\n\t\t\t<!-- START Palmilhas REVOLUTION SLIDER 6.6.5 --><p class=\"rs-p-wp-fix\"><\/p>\n\t\t\t<rs-module-wrap id=\"rev_slider_4_1_wrapper\" data-source=\"gallery\" data-aimg=\"\"  style=\"visibility:hidden;background:#E9E9E9;padding:0;margin:0px auto;margin-top:0;margin-bottom:0;\">\n\t\t\t\t<rs-module id=\"rev_slider_4_1\" style=\"\" data-version=\"6.6.5\">\n\t\t\t\t\t<rs-slides style=\"overflow: hidden; position: absolute;\">\n\t\t\t\t\t\t<rs-slide style=\"position: absolute;\" data-key=\"rs-8\" data-title=\"Slide\" data-anim=\"adpr:false;\">\n\t\t\t\t\t\t\t<img decoding=\"async\" src=\"\/\/lxfoot.pt\/wp-content\/plugins\/revslider\/public\/assets\/assets\/dummy.png\" alt=\"\" title=\"semelles personnalis\u00e9es\" class=\"rev-slidebg tp-rs-img rs-lazyload\" data-lazyload=\"\/\/lxfoot.pt\/wp-content\/uploads\/2014\/09\/slide_palmilhas.jpg\" data-no-retina>\n<!---->\t\t\t\t\t\t<\/rs-slide>\n\t\t\t\t\t\t<rs-slide style=\"position: absolute;\" data-key=\"rs-81\" data-title=\"Slide\" data-anim=\"adpr:false;\">\n\t\t\t\t\t\t\t<img decoding=\"async\" src=\"\/\/lxfoot.pt\/wp-content\/plugins\/revslider\/public\/assets\/assets\/dummy.png\" alt=\"\" title=\"semelles personnalis\u00e9es\" class=\"rev-slidebg tp-rs-img rs-lazyload\" data-lazyload=\"\/\/lxfoot.pt\/wp-content\/uploads\/2014\/09\/slide_palmilhas.jpg\" data-no-retina>\n<!---->\t\t\t\t\t\t<\/rs-slide>\n\t\t\t\t\t<\/rs-slides>\n\t\t\t\t<\/rs-module>\n\t\t\t\t<script>\n\t\t\t\t\tsetREVStartSize({c: 'rev_slider_4_1',rl:[1240,1024,778,480],el:[],gw:[1020],gh:[262],type:'standard',justify:'',layout:'fullwidth',mh:\"0\"});if (window.RS_MODULES!==undefined && window.RS_MODULES.modules!==undefined && window.RS_MODULES.modules[\"revslider41\"]!==undefined) {window.RS_MODULES.modules[\"revslider41\"].once = false;window.revapi4 = undefined;if (window.RS_MODULES.checkMinimal!==undefined) window.RS_MODULES.checkMinimal()}\n\t\t\t\t<\/script>\n\t\t\t<\/rs-module-wrap>\n\t\t\t<!-- END REVOLUTION SLIDER -->\n<\/div>\n\n<div id=\"x-content-band-2\" class=\"x-content-band vc man\" style=\"background-color: #364c59; padding-top: 3px; padding-bottom: 3px;\">\n<div  class=\"x-column vc whole\" style=\"\" ><\/div><\/div><\/div><\/div>\n<div id=\"x-content-band-3\" class=\"x-content-band vc\" style=\"background-color: transparent; padding-top: 0px; padding-bottom: 0px;\"><div class=\"x-container-fluid max width\">\n<div  class=\"x-column vc whole\" style=\"\" ><h1  class=\"h-custom-headline h1\" ><span>\n<h1>Semelles Personnalis\u00e9es &#8211; la Podologie \u00e0 votre service<\/h1>\n<\/span><\/h1><p>En ce qui concerne <strong>l\u2019ortho podologie<\/strong>, c\u2019est le domaine responsable de la r\u00e9alisation d\u2019orth\u00e8ses en silicone et de semelles 100% personnalis\u00e9es \u00e0 travers des \u00e9tudes biom\u00e9caniques (\u00e9tude statique, du pied et dynamique de la marche).<\/p>\n<p>Ces \u00e9tudes servent \u00e0 diagnostiquer, \u00e0 pr\u00e9venir et \u00e0 traiter les changements biom\u00e9caniques existants pouvant \u00eatre provoqu\u00e9s par des forces internes et externes agissant sur le corps humain.<br \/>\nDans ce cas particulier, le pied produit des charges et des d\u00e9formations cons\u00e9quentes pouvant donner lieu \u00e0 un pied plat, un pied creux, voire \u00e0 la formation cons\u00e9cutive d&#8217;\u00e9peron calcan\u00e9en et de fasciite plantaire, de d\u00e9formations des doigts (doigts de la griffe, oignons). Il est \u00e9galement possible de compenser avec ces dispositifs les dysm\u00e9tries \/ h\u00e9t\u00e9rom\u00e9tries pertinentes d\u00e9tect\u00e9es \u00e0 l&#8217;aide de moyens de diagnostic, afin de contribuer \u00e0 la correction posturale du patient et \u00e0 la pr\u00e9servation \u00e9ventuelle de certaines structures musculosquelettiques susceptibles d&#8217;\u00eatre affect\u00e9es par de tels troubles. D\u00e9salignements, ainsi que contribuer \u00e0 la pr\u00e9servation postop\u00e9ratoire de l&#8217;application de proth\u00e8ses de la hanche ou du genou, augmentant ainsi leur dur\u00e9e de vie moyenne.<\/p>\n<p>Bri\u00e8vement :<\/p>\n<p><u>Nous fabriquons une grande vari\u00e9t\u00e9 de semelles personnalis\u00e9es pour diff\u00e9rents types de pathologies du pied.<\/u><\/p>\n<p>&#8211; Semelles pour compensation de dissym\u00e9trie (diff\u00e9rence de hauteur des jambes)<\/p>\n<p>&#8211; Semelles pour sportifs<\/p>\n<p>&#8211; Semelles pour diab\u00e9tiques<\/p>\n<p>&#8211; Semelles pour enfants<\/p>\n<p>&#8211; Semelles avec corrections de la marche<\/p>\n<p>&#8211; Semelles de confort<\/p>\n<p>&#8211; Semelles en carbone<\/p>\n<p><strong>FONCTION DES SEMELLES PERSONNALIS\u00c9ES<\/strong><\/p>\n<p>Des semelles orthop\u00e9diques personnalis\u00e9es sont utilis\u00e9es \u00e0 titre pr\u00e9ventif ; correction ou peut \u00eatre accommodant.<\/p>\n<p>Les semelles de pr\u00e9vention sont largement utilis\u00e9es chez les personnes \u00e0 risque, comme dans le cas du pied diab\u00e9tique, afin de pr\u00e9venir l\u2019apparition d\u2019ulc\u00e8res \u00e0 l\u2019avenir, en \u00e9vitant le risque d\u2019amputation.<\/p>\n<p>Les semelles de correction sont particuli\u00e8rement utilis\u00e9es pour les enfants afin de corriger ou de pr\u00e9venir un appui des pieds incorrect<\/p>\n<p>Les semelles peuvent \u00eatre utilis\u00e9es dans le cas des adultes ; personnes \u00e2g\u00e9es, rhumatismales, entre autres cas, dans le but d\u2019am\u00e9liorer le confort du pied et de r\u00e9duire les zones de pression et de douleur, travail par point, toutes ces zones critiques.<\/p>\n<p><strong>Confection <\/strong><\/p>\n<p>Ce type de repose-pieds sur mesure est r\u00e9alis\u00e9 en laboratoire par une \u00e9quipe extr\u00eamement comp\u00e9tente dot\u00e9e d&#8217;une formation continue dans le domaine, qui suit de pr\u00e8s les avanc\u00e9es technologiques et les avanc\u00e9es technologiques dans le monde, ce qui en fait le taux de r\u00e9ussite et l&#8217;adaptabilit\u00e9 de ce type d&#8217;orth\u00e8se. Avoir un taux de r\u00e9ussite \u00e9lev\u00e9. Les mat\u00e9riaux sont les plus innovants du march\u00e9 et de la plus haute qualit\u00e9, ce qui permet une tol\u00e9rance totale du patient.<\/p>\n<p>Par curiosit\u00e9, il existe plusieurs types d\u2019adaptation de repose-pieds personnalis\u00e9s (PS), l\u2019un des plus efficaces et des plus performants \u00e9tant celui de l\u2019adaptation indirecte au pied du patient.<\/p>\n<p>Dans la technique d&#8217;adaptation directe, les SP sont adapt\u00e9s directement au pied du patient. Comme le montrent les images, le patient est assis sans chargement sur le pied et les semelles int\u00e9rieures sont moul\u00e9es directement sur celui-ci. Des points de pression de la posture de chargement peuvent \u00eatre alt\u00e9r\u00e9s. Il doit y avoir une \u00e9valuation pr\u00e9alable pour voir si nous pouvons utiliser cette technique afin d\u2019obtenir les r\u00e9sultats les plus fiables possibles.<\/p>\n<p>La technique la plus utilis\u00e9e dans nos \u00e9tudes biom\u00e9caniques d\u2019adaptation de SP est la technique d\u2019adaptation indirecte r\u00e9alis\u00e9e exclusivement en laboratoire.<\/p>\n<p>Comme on peut le voir sur les photos, nous fabriquons d\u2019abord le moule dans des mousses ph\u00e9noliques (directement avec le pied du patient), puis nous reproduisons le moule positif qui va fonctionner en fonction des pathologies, en rectifiant ou en compensant des structures qui seront ensuite stimul\u00e9es par l\u2019utilisation de utilisation respective des SP.<\/p>\n<p><a href=\"https:\/\/lxfoot.pt\/wp-content\/uploads\/2019\/03\/palmilhas-personalizadas.jpg\"><img fetchpriority=\"high\" decoding=\"async\" class=\"wp-image-688 size-large\" src=\"https:\/\/lxfoot.pt\/wp-content\/uploads\/2019\/03\/palmilhas-personalizadas-1024x576.jpg\" alt=\"Podologia\" width=\"984\" height=\"554\" srcset=\"https:\/\/lxfoot.pt\/wp-content\/uploads\/2019\/03\/palmilhas-personalizadas-1024x576.jpg 1024w, https:\/\/lxfoot.pt\/wp-content\/uploads\/2019\/03\/palmilhas-personalizadas-300x169.jpg 300w, https:\/\/lxfoot.pt\/wp-content\/uploads\/2019\/03\/palmilhas-personalizadas-768x432.jpg 768w, https:\/\/lxfoot.pt\/wp-content\/uploads\/2019\/03\/palmilhas-personalizadas-100x56.jpg 100w, https:\/\/lxfoot.pt\/wp-content\/uploads\/2019\/03\/palmilhas-personalizadas-1020x573.jpg 1020w, https:\/\/lxfoot.pt\/wp-content\/uploads\/2019\/03\/palmilhas-personalizadas-984x553.jpg 984w, https:\/\/lxfoot.pt\/wp-content\/uploads\/2019\/03\/palmilhas-personalizadas-1184x666.jpg 1184w, https:\/\/lxfoot.pt\/wp-content\/uploads\/2019\/03\/palmilhas-personalizadas-864x486.jpg 864w, https:\/\/lxfoot.pt\/wp-content\/uploads\/2019\/03\/palmilhas-personalizadas-1200x675.jpg 1200w, https:\/\/lxfoot.pt\/wp-content\/uploads\/2019\/03\/palmilhas-personalizadas.jpg 1366w\" sizes=\"(max-width: 984px) 100vw, 984px\" \/><\/a><\/p>\n<p>Les SP sont ainsi trait\u00e9s et appliqu\u00e9s directement sur le moule du pied du patient, comme le montrent les images suivantes, jusqu&#8217;au r\u00e9sultat final.<\/p>\n<p>Une bonne question pos\u00e9e par les patients est de savoir si le SP s\u2019adapte \u00e0 tous les types de chaussures mais l\u2019id\u00e9al est de montrer le type de chaussures utilis\u00e9 quotidiennement au professionnel qui l\u2019accompagne pour recevoir les conseils les plus appropri\u00e9s pour une utilisation pratique. Les SP sont con\u00e7us pour \u00eatre utilis\u00e9s dans des chaussures l\u00e9g\u00e8res conformes aux normes biom\u00e9caniques normales et ont l\u2019avantage d\u2019\u00eatre ajust\u00e9s avec des ajustements mineurs qui sont n\u00e9cessaires directement par le professionnel assistant et \u00e0 temps.<\/p>\n<p><strong>Semelles enfants<\/strong><\/p>\n<p>En ce qui concerne la correction \/ compensation des pieds des enfants, ces dispositifs ont r\u00e9volutionn\u00e9 la biom\u00e9canique des enfants car ils sont tr\u00e8s efficaces, l\u00e9gers, faciles \u00e0 adapter et non traumatisants dans l\u2019utilisation et l\u2019esth\u00e9tique des chaussures pour enfants. La correction et le suivi clinique sont beaucoup plus efficaces et l&#8217;enfant peut avoir une libert\u00e9 de mouvement qui se traduit par un meilleur d\u00e9veloppement biom\u00e9canique souvent emp\u00each\u00e9 par l&#8217;utilisation de bottes orthop\u00e9diques. L&#8217;utilisation de bottes ne devrait \u00eatre envisag\u00e9e que dans des cas extr\u00eames, car elles peuvent \u00e9galement am\u00e9liorer la qualit\u00e9 de vie des enfants souffrant d&#8217;insuffisances biom\u00e9caniques graves.<\/p>\n<\/div><\/div><\/div>\n","protected":false},"excerpt":{"rendered":"setREVStartSize({c: 'rev_slider_4_2',rl:[1240,1024,778,480],el:[],gw:[1020],gh:[262],type:'standard',justify:'',layout:'fullwidth',mh:\"0\"});if (window.RS_MODULES!==undefined && window.RS_MODULES.modules!==undefined && window.RS_MODULES.modules[\"revslider42\"]!==undefined) {window.RS_MODULES.modules[\"revslider42\"].once = false;window.revapi4_2 = undefined;if (window.RS_MODULES.checkMinimal!==undefined) window.RS_MODULES.checkMinimal()} Semelles Personnalis\u00e9es - la Podologie \u00e0 votre service En ce qui concerne l\u2019ortho podologie, c\u2019est le domaine responsable de la r\u00e9alisation d\u2019orth\u00e8ses en silicone et de semelles 100% personnalis\u00e9es \u00e0 travers des \u00e9tudes biom\u00e9caniques (\u00e9tude statique, du pied et dynamique de la marche). Ces \u00e9tudes servent ... <a href=\"https:\/\/lxfoot.pt\/fr\/semelles-personnalisees\/\" class=\"more-link\">Ler mais<\/a>","protected":false},"author":2,"featured_media":0,"parent":0,"menu_order":0,"comment_status":"closed","ping_status":"open","template":"template-blank-4.php","meta":{"_exactmetrics_skip_tracking":false,"_exactmetrics_sitenote_active":false,"_exactmetrics_sitenote_note":"","_exactmetrics_sitenote_category":0,"footnotes":""},"class_list":["post-744","page","type-page","status-publish","hentry","no-post-thumbnail"],"yoast_head":"<!-- This site is optimized with the Yoast SEO plugin v25.1 - https:\/\/yoast.com\/wordpress\/plugins\/seo\/ -->\n<title>semelles personnalis\u00e9es - LXFOOT<\/title>\n<meta name=\"robots\" content=\"index, follow, max-snippet:-1, max-image-preview:large, max-video-preview:-1\" \/>\n<link rel=\"canonical\" href=\"https:\/\/lxfoot.pt\/palmilhas\/\" \/>\n<meta property=\"og:locale\" content=\"fr_FR\" \/>\n<meta property=\"og:type\" content=\"article\" \/>\n<meta property=\"og:title\" content=\"semelles personnalis\u00e9es - LXFOOT\" \/>\n<meta property=\"og:url\" content=\"https:\/\/lxfoot.pt\/palmilhas\/\" \/>\n<meta property=\"og:site_name\" content=\"LXFOOT\" \/>\n<meta property=\"article:modified_time\" content=\"2020-01-23T17:09:54+00:00\" \/>\n<meta property=\"og:image\" content=\"https:\/\/lxfoot.pt\/wp-content\/uploads\/2019\/03\/palmilhas-personalizadas-1024x576.jpg\" \/>\n<meta name=\"twitter:card\" content=\"summary_large_image\" \/>\n<meta name=\"twitter:label1\" content=\"Dur\u00e9e de lecture estim\u00e9e\" \/>\n\t<meta name=\"twitter:data1\" content=\"5 minutes\" \/>\n<script type=\"application\/ld+json\" class=\"yoast-schema-graph\">{\"@context\":\"https:\/\/schema.org\",\"@graph\":[{\"@type\":\"WebPage\",\"@id\":\"https:\/\/lxfoot.pt\/palmilhas\/\",\"url\":\"https:\/\/lxfoot.pt\/palmilhas\/\",\"name\":\"semelles personnalis\u00e9es - LXFOOT\",\"isPartOf\":{\"@id\":\"https:\/\/lxfoot.pt\/#website\"},\"primaryImageOfPage\":{\"@id\":\"https:\/\/lxfoot.pt\/palmilhas\/#primaryimage\"},\"image\":{\"@id\":\"https:\/\/lxfoot.pt\/palmilhas\/#primaryimage\"},\"thumbnailUrl\":\"https:\/\/lxfoot.pt\/wp-content\/uploads\/2019\/03\/palmilhas-personalizadas-1024x576.jpg\",\"datePublished\":\"2019-10-03T15:15:05+00:00\",\"dateModified\":\"2020-01-23T17:09:54+00:00\",\"breadcrumb\":{\"@id\":\"https:\/\/lxfoot.pt\/palmilhas\/#breadcrumb\"},\"inLanguage\":\"fr-FR\",\"potentialAction\":[{\"@type\":\"ReadAction\",\"target\":[\"https:\/\/lxfoot.pt\/palmilhas\/\"]}]},{\"@type\":\"ImageObject\",\"inLanguage\":\"fr-FR\",\"@id\":\"https:\/\/lxfoot.pt\/palmilhas\/#primaryimage\",\"url\":\"https:\/\/lxfoot.pt\/wp-content\/uploads\/2019\/03\/palmilhas-personalizadas-1024x576.jpg\",\"contentUrl\":\"https:\/\/lxfoot.pt\/wp-content\/uploads\/2019\/03\/palmilhas-personalizadas-1024x576.jpg\"},{\"@type\":\"BreadcrumbList\",\"@id\":\"https:\/\/lxfoot.pt\/palmilhas\/#breadcrumb\",\"itemListElement\":[{\"@type\":\"ListItem\",\"position\":1,\"name\":\"In\u00edcio\",\"item\":\"https:\/\/lxfoot.pt\/fr\/?page_id=930\"},{\"@type\":\"ListItem\",\"position\":2,\"name\":\"semelles personnalis\u00e9es\"}]},{\"@type\":\"WebSite\",\"@id\":\"https:\/\/lxfoot.pt\/#website\",\"url\":\"https:\/\/lxfoot.pt\/\",\"name\":\"LXFOOT\",\"description\":\"a sa\u00fade pelos p\u00e9s\",\"potentialAction\":[{\"@type\":\"SearchAction\",\"target\":{\"@type\":\"EntryPoint\",\"urlTemplate\":\"https:\/\/lxfoot.pt\/?s={search_term_string}\"},\"query-input\":{\"@type\":\"PropertyValueSpecification\",\"valueRequired\":true,\"valueName\":\"search_term_string\"}}],\"inLanguage\":\"fr-FR\"}]}<\/script>\n<!-- \/ Yoast SEO plugin. -->","yoast_head_json":{"title":"semelles personnalis\u00e9es - LXFOOT","robots":{"index":"index","follow":"follow","max-snippet":"max-snippet:-1","max-image-preview":"max-image-preview:large","max-video-preview":"max-video-preview:-1"},"canonical":"https:\/\/lxfoot.pt\/palmilhas\/","og_locale":"fr_FR","og_type":"article","og_title":"semelles personnalis\u00e9es - LXFOOT","og_url":"https:\/\/lxfoot.pt\/palmilhas\/","og_site_name":"LXFOOT","article_modified_time":"2020-01-23T17:09:54+00:00","og_image":[{"url":"https:\/\/lxfoot.pt\/wp-content\/uploads\/2019\/03\/palmilhas-personalizadas-1024x576.jpg","type":"","width":"","height":""}],"twitter_card":"summary_large_image","twitter_misc":{"Dur\u00e9e de lecture estim\u00e9e":"5 minutes"},"schema":{"@context":"https:\/\/schema.org","@graph":[{"@type":"WebPage","@id":"https:\/\/lxfoot.pt\/palmilhas\/","url":"https:\/\/lxfoot.pt\/palmilhas\/","name":"semelles personnalis\u00e9es - LXFOOT","isPartOf":{"@id":"https:\/\/lxfoot.pt\/#website"},"primaryImageOfPage":{"@id":"https:\/\/lxfoot.pt\/palmilhas\/#primaryimage"},"image":{"@id":"https:\/\/lxfoot.pt\/palmilhas\/#primaryimage"},"thumbnailUrl":"https:\/\/lxfoot.pt\/wp-content\/uploads\/2019\/03\/palmilhas-personalizadas-1024x576.jpg","datePublished":"2019-10-03T15:15:05+00:00","dateModified":"2020-01-23T17:09:54+00:00","breadcrumb":{"@id":"https:\/\/lxfoot.pt\/palmilhas\/#breadcrumb"},"inLanguage":"fr-FR","potentialAction":[{"@type":"ReadAction","target":["https:\/\/lxfoot.pt\/palmilhas\/"]}]},{"@type":"ImageObject","inLanguage":"fr-FR","@id":"https:\/\/lxfoot.pt\/palmilhas\/#primaryimage","url":"https:\/\/lxfoot.pt\/wp-content\/uploads\/2019\/03\/palmilhas-personalizadas-1024x576.jpg","contentUrl":"https:\/\/lxfoot.pt\/wp-content\/uploads\/2019\/03\/palmilhas-personalizadas-1024x576.jpg"},{"@type":"BreadcrumbList","@id":"https:\/\/lxfoot.pt\/palmilhas\/#breadcrumb","itemListElement":[{"@type":"ListItem","position":1,"name":"In\u00edcio","item":"https:\/\/lxfoot.pt\/fr\/?page_id=930"},{"@type":"ListItem","position":2,"name":"semelles personnalis\u00e9es"}]},{"@type":"WebSite","@id":"https:\/\/lxfoot.pt\/#website","url":"https:\/\/lxfoot.pt\/","name":"LXFOOT","description":"a sa\u00fade pelos p\u00e9s","potentialAction":[{"@type":"SearchAction","target":{"@type":"EntryPoint","urlTemplate":"https:\/\/lxfoot.pt\/?s={search_term_string}"},"query-input":{"@type":"PropertyValueSpecification","valueRequired":true,"valueName":"search_term_string"}}],"inLanguage":"fr-FR"}]}},"_links":{"self":[{"href":"https:\/\/lxfoot.pt\/fr\/wp-json\/wp\/v2\/pages\/744","targetHints":{"allow":["GET"]}}],"collection":[{"href":"https:\/\/lxfoot.pt\/fr\/wp-json\/wp\/v2\/pages"}],"about":[{"href":"https:\/\/lxfoot.pt\/fr\/wp-json\/wp\/v2\/types\/page"}],"author":[{"embeddable":true,"href":"https:\/\/lxfoot.pt\/fr\/wp-json\/wp\/v2\/users\/2"}],"replies":[{"embeddable":true,"href":"https:\/\/lxfoot.pt\/fr\/wp-json\/wp\/v2\/comments?post=744"}],"version-history":[{"count":0,"href":"https:\/\/lxfoot.pt\/fr\/wp-json\/wp\/v2\/pages\/744\/revisions"}],"wp:attachment":[{"href":"https:\/\/lxfoot.pt\/fr\/wp-json\/wp\/v2\/media?parent=744"}],"curies":[{"name":"wp","href":"https:\/\/api.w.org\/{rel}","templated":true}]}}